{"id":53,"date":"2025-10-29T07:22:22","date_gmt":"2025-10-29T07:22:22","guid":{"rendered":"https:\/\/mandre.ch\/?page_id=53"},"modified":"2025-10-29T07:22:22","modified_gmt":"2025-10-29T07:22:22","slug":"paris-im-oktober-2025","status":"publish","type":"page","link":"https:\/\/mandre.ch\/index.php\/ferien\/paris-im-oktober-2025\/","title":{"rendered":"Paris im Oktober 2025"},"content":{"rendered":"\n<p>Eigentlich sollte es ein Weg zum Flughafen Charles de Gaulle Airport in Paris werden. Da ein Flug von Paris nach Cancun anstand. Aber wie geschrien &#171;Anstand&#187;. Leider klappte es auf Grund eines Computersystemfehlers nicht.<\/p>\n\n\n\n<p>Auf dem Ticket stand das Datum 25.Oktober 2025, jedoch gib es diese Verbindung erst ab den 1. November 2025. Mein Schwiegervater in Spe regte sich erst mal etwas auf, jedoch konnte ich Ihn schnell beruhigen. Zumal die Dame am Schalter von Air France doch recht prompt und engagiert reagierte und auch schnell eine L\u00f6sung parat hatte. Diese war den Preis f\u00fcr Flug und Hotel zu erstatten zuz\u00fcglich 50% vom gesamt betrag. Dazu wird noch gekl\u00e4rt ob man einen Freiflug nach Wahl erhalten werden. <\/p>\n\n\n\n<p>Nach dem wir uns alle Beruhigt haben, ging es erstmal zum &#171;Parc Asterix&#187;, welcher direkt nach dem Airport an der Autobahn befindet. Zudem ist der Park nur \u00fcber die Autobahn zu erreichen, danach beginnt auch die Mautstrecke.<\/p>\n\n\n\n<figure class=\"wp-block-image size-large\"><img loading=\"lazy\" decoding=\"async\" width=\"1024\" height=\"768\" src=\"https:\/\/mandre.ch\/wp-content\/uploads\/2025\/10\/IMG_8682-1024x768.jpeg\" alt=\"\" class=\"wp-image-56\" srcset=\"https:\/\/mandre.ch\/wp-content\/uploads\/2025\/10\/IMG_8682-1024x768.jpeg 1024w, https:\/\/mandre.ch\/wp-content\/uploads\/2025\/10\/IMG_8682-300x225.jpeg 300w, https:\/\/mandre.ch\/wp-content\/uploads\/2025\/10\/IMG_8682-768x576.jpeg 768w, https:\/\/mandre.ch\/wp-content\/uploads\/2025\/10\/IMG_8682-1536x1152.jpeg 1536w, https:\/\/mandre.ch\/wp-content\/uploads\/2025\/10\/IMG_8682-2048x1536.jpeg 2048w\" sizes=\"auto, (max-width: 1024px) 100vw, 1024px\" \/><\/figure>\n\n\n\n<p>Bilder vom Air France am Flughafen in Paris und einmal vom Parc Asterix<\/p>\n\n\n\n<p>Vor dem Park ist nach dem Park. Somit entschlossen wir uns kurz frostig, in Paris ein paar Tage zu verbringen. Was wohl eine bessere Entscheidung war, als alleine in Mexico zu verbringen. Vor allem der Sohn meiner Freundin Fleur, Fabien hat sich extrem gefreut. Wir waren zum teil viel unterwegs, jedoch habe ich Fleur versprochen, mein Handy gr\u00f6sstenteils in der Tasche zu lassen.<\/p>\n\n\n\n<p>Wir besuchten den Eiffelturm, Schloss Versailles und noch einiges anderes. F\u00fcr uns alle war es extrem sch\u00f6n und entspannend. Wer die Hektik in Paris kennt, weiss was ich meine. Da bringe ich extrem viel ruhe hinein. Denn Stress und Hektik braucht man nicht immer.<\/p>\n\n\n\n<p>Vor allem auch das Essen war zum Teil der Hammer, jedoch im vergleich zu der Schweiz nimmt sich Paris nicht wirklich viel. Was aber nicht so schlimm ist. Man ist ja auch nicht so oft in Paris.<\/p>\n\n\n\n<figure class=\"wp-block-gallery has-nested-images columns-default is-cropped wp-block-gallery-1 is-layout-flex wp-block-gallery-is-layout-flex\">\n<figure class=\"wp-block-image size-large\"><img loading=\"lazy\" decoding=\"async\" width=\"1024\" height=\"768\" data-id=\"59\" src=\"https:\/\/mandre.ch\/wp-content\/uploads\/2025\/10\/IMG_8672-1024x768.jpeg\" alt=\"\" class=\"wp-image-59\" srcset=\"https:\/\/mandre.ch\/wp-content\/uploads\/2025\/10\/IMG_8672-1024x768.jpeg 1024w, https:\/\/mandre.ch\/wp-content\/uploads\/2025\/10\/IMG_8672-300x225.jpeg 300w, https:\/\/mandre.ch\/wp-content\/uploads\/2025\/10\/IMG_8672-768x576.jpeg 768w, https:\/\/mandre.ch\/wp-content\/uploads\/2025\/10\/IMG_8672-1536x1152.jpeg 1536w, https:\/\/mandre.ch\/wp-content\/uploads\/2025\/10\/IMG_8672-2048x1536.jpeg 2048w\" sizes=\"auto, (max-width: 1024px) 100vw, 1024px\" \/><\/figure>\n\n\n\n<figure class=\"wp-block-image size-large\"><img loading=\"lazy\" decoding=\"async\" width=\"1024\" height=\"768\" data-id=\"60\" src=\"https:\/\/mandre.ch\/wp-content\/uploads\/2025\/10\/IMG_8671-1024x768.jpeg\" alt=\"\" class=\"wp-image-60\" srcset=\"https:\/\/mandre.ch\/wp-content\/uploads\/2025\/10\/IMG_8671-1024x768.jpeg 1024w, https:\/\/mandre.ch\/wp-content\/uploads\/2025\/10\/IMG_8671-300x225.jpeg 300w, https:\/\/mandre.ch\/wp-content\/uploads\/2025\/10\/IMG_8671-768x576.jpeg 768w, https:\/\/mandre.ch\/wp-content\/uploads\/2025\/10\/IMG_8671-1536x1152.jpeg 1536w, https:\/\/mandre.ch\/wp-content\/uploads\/2025\/10\/IMG_8671-2048x1536.jpeg 2048w\" sizes=\"auto, (max-width: 1024px) 100vw, 1024px\" \/><\/figure>\n\n\n\n<figure class=\"wp-block-image size-large\"><img loading=\"lazy\" decoding=\"async\" width=\"1024\" height=\"768\" data-id=\"64\" src=\"https:\/\/mandre.ch\/wp-content\/uploads\/2025\/10\/IMG_8674-1024x768.jpeg\" alt=\"\" class=\"wp-image-64\" srcset=\"https:\/\/mandre.ch\/wp-content\/uploads\/2025\/10\/IMG_8674-1024x768.jpeg 1024w, https:\/\/mandre.ch\/wp-content\/uploads\/2025\/10\/IMG_8674-300x225.jpeg 300w, https:\/\/mandre.ch\/wp-content\/uploads\/2025\/10\/IMG_8674-768x576.jpeg 768w, https:\/\/mandre.ch\/wp-content\/uploads\/2025\/10\/IMG_8674-1536x1152.jpeg 1536w, https:\/\/mandre.ch\/wp-content\/uploads\/2025\/10\/IMG_8674-2048x1536.jpeg 2048w\" sizes=\"auto, (max-width: 1024px) 100vw, 1024px\" \/><\/figure>\n\n\n\n<figure class=\"wp-block-image size-large\"><img loading=\"lazy\" decoding=\"async\" width=\"1024\" height=\"768\" data-id=\"58\" src=\"https:\/\/mandre.ch\/wp-content\/uploads\/2025\/10\/IMG_8650-1024x768.jpeg\" alt=\"\" class=\"wp-image-58\" srcset=\"https:\/\/mandre.ch\/wp-content\/uploads\/2025\/10\/IMG_8650-1024x768.jpeg 1024w, https:\/\/mandre.ch\/wp-content\/uploads\/2025\/10\/IMG_8650-300x225.jpeg 300w, https:\/\/mandre.ch\/wp-content\/uploads\/2025\/10\/IMG_8650-768x576.jpeg 768w, https:\/\/mandre.ch\/wp-content\/uploads\/2025\/10\/IMG_8650-1536x1152.jpeg 1536w, https:\/\/mandre.ch\/wp-content\/uploads\/2025\/10\/IMG_8650-2048x1536.jpeg 2048w\" sizes=\"auto, (max-width: 1024px) 100vw, 1024px\" \/><\/figure>\n\n\n\n<figure class=\"wp-block-image size-large\"><img loading=\"lazy\" decoding=\"async\" width=\"768\" height=\"1024\" data-id=\"65\" src=\"https:\/\/mandre.ch\/wp-content\/uploads\/2025\/10\/IMG_8677-768x1024.jpeg\" alt=\"\" class=\"wp-image-65\" srcset=\"https:\/\/mandre.ch\/wp-content\/uploads\/2025\/10\/IMG_8677-768x1024.jpeg 768w, https:\/\/mandre.ch\/wp-content\/uploads\/2025\/10\/IMG_8677-225x300.jpeg 225w, https:\/\/mandre.ch\/wp-content\/uploads\/2025\/10\/IMG_8677-1152x1536.jpeg 1152w, https:\/\/mandre.ch\/wp-content\/uploads\/2025\/10\/IMG_8677-1536x2048.jpeg 1536w, https:\/\/mandre.ch\/wp-content\/uploads\/2025\/10\/IMG_8677-scaled.jpeg 1920w\" sizes=\"auto, (max-width: 768px) 100vw, 768px\" \/><\/figure>\n\n\n\n<figure class=\"wp-block-image size-large\"><img loading=\"lazy\" decoding=\"async\" width=\"1024\" height=\"768\" data-id=\"63\" src=\"https:\/\/mandre.ch\/wp-content\/uploads\/2025\/10\/IMG_8676-1024x768.jpeg\" alt=\"\" class=\"wp-image-63\" srcset=\"https:\/\/mandre.ch\/wp-content\/uploads\/2025\/10\/IMG_8676-1024x768.jpeg 1024w, https:\/\/mandre.ch\/wp-content\/uploads\/2025\/10\/IMG_8676-300x225.jpeg 300w, https:\/\/mandre.ch\/wp-content\/uploads\/2025\/10\/IMG_8676-768x576.jpeg 768w, https:\/\/mandre.ch\/wp-content\/uploads\/2025\/10\/IMG_8676-1536x1152.jpeg 1536w, https:\/\/mandre.ch\/wp-content\/uploads\/2025\/10\/IMG_8676-2048x1536.jpeg 2048w\" sizes=\"auto, (max-width: 1024px) 100vw, 1024px\" \/><\/figure>\n\n\n\n<figure class=\"wp-block-image size-large\"><img loading=\"lazy\" decoding=\"async\" width=\"1024\" height=\"768\" data-id=\"66\" src=\"https:\/\/mandre.ch\/wp-content\/uploads\/2025\/10\/IMG_8678-1024x768.jpeg\" alt=\"\" class=\"wp-image-66\" srcset=\"https:\/\/mandre.ch\/wp-content\/uploads\/2025\/10\/IMG_8678-1024x768.jpeg 1024w, https:\/\/mandre.ch\/wp-content\/uploads\/2025\/10\/IMG_8678-300x225.jpeg 300w, https:\/\/mandre.ch\/wp-content\/uploads\/2025\/10\/IMG_8678-768x576.jpeg 768w, https:\/\/mandre.ch\/wp-content\/uploads\/2025\/10\/IMG_8678-1536x1152.jpeg 1536w, https:\/\/mandre.ch\/wp-content\/uploads\/2025\/10\/IMG_8678-2048x1536.jpeg 2048w\" sizes=\"auto, (max-width: 1024px) 100vw, 1024px\" \/><\/figure>\n\n\n\n<figure class=\"wp-block-image size-large\"><img loading=\"lazy\" decoding=\"async\" width=\"1024\" height=\"768\" data-id=\"61\" src=\"https:\/\/mandre.ch\/wp-content\/uploads\/2025\/10\/IMG_8661-1024x768.jpeg\" alt=\"\" class=\"wp-image-61\" srcset=\"https:\/\/mandre.ch\/wp-content\/uploads\/2025\/10\/IMG_8661-1024x768.jpeg 1024w, https:\/\/mandre.ch\/wp-content\/uploads\/2025\/10\/IMG_8661-300x225.jpeg 300w, https:\/\/mandre.ch\/wp-content\/uploads\/2025\/10\/IMG_8661-768x576.jpeg 768w, https:\/\/mandre.ch\/wp-content\/uploads\/2025\/10\/IMG_8661-1536x1152.jpeg 1536w, https:\/\/mandre.ch\/wp-content\/uploads\/2025\/10\/IMG_8661-2048x1536.jpeg 2048w\" sizes=\"auto, (max-width: 1024px) 100vw, 1024px\" \/><\/figure>\n\n\n\n<figure class=\"wp-block-image size-large\"><img loading=\"lazy\" decoding=\"async\" width=\"1024\" height=\"768\" data-id=\"62\" src=\"https:\/\/mandre.ch\/wp-content\/uploads\/2025\/10\/IMG_8664-1024x768.jpeg\" alt=\"\" class=\"wp-image-62\" srcset=\"https:\/\/mandre.ch\/wp-content\/uploads\/2025\/10\/IMG_8664-1024x768.jpeg 1024w, https:\/\/mandre.ch\/wp-content\/uploads\/2025\/10\/IMG_8664-300x225.jpeg 300w, https:\/\/mandre.ch\/wp-content\/uploads\/2025\/10\/IMG_8664-768x576.jpeg 768w, https:\/\/mandre.ch\/wp-content\/uploads\/2025\/10\/IMG_8664-1536x1152.jpeg 1536w, https:\/\/mandre.ch\/wp-content\/uploads\/2025\/10\/IMG_8664-2048x1536.jpeg 2048w\" sizes=\"auto, (max-width: 1024px) 100vw, 1024px\" \/><\/figure>\n<\/figure>\n\n\n\n<p>Zumindest war es ein sch\u00f6nes verl\u00e4ngertes Wochenende in Frankreich. Was man auch nicht so schnell vergisst. Zumal es einfach himmlisch war mit meiner neuen kleinen Familie. Zudem enth\u00e4lt es Wiederholungsgefahr. Wenn man gut und g\u00fcnstig in Paris essen m\u00f6chte, geht man am besten wie \u00fcberall immer etwas ausserhalb. Da sind die Preise ca. 20-40% niedriger. Die Hotelpreise sind daf\u00fcr prinzipiell um Paris relativ hoch. 2018 zahlte ich noch mit meinem Sohn Max f\u00fcr eine Nacht in Paris Zentrum 29,- Euro mit Fr\u00fchst\u00fcck. Diesen Preis bekommt man leider auch ausserhalb nicht mehr. Zumal das Fr\u00fchst\u00fcck mittlerweile extra kostet und schnell mal bei 20,- Euro liegt.<\/p>\n\n\n\n<p>Zudem ist der &#171;Octobre Rose&#187; was der Pink Oktober bedeutet und Aufmerksamkeit f\u00fcr Brustkrebs erregen soll.<\/p>\n\n\n\n<figure class=\"wp-block-gallery has-nested-images columns-default is-cropped wp-block-gallery-2 is-layout-flex wp-block-gallery-is-layout-flex\">\n<figure class=\"wp-block-image size-large\"><img loading=\"lazy\" decoding=\"async\" width=\"1024\" height=\"683\" data-id=\"69\" src=\"https:\/\/mandre.ch\/wp-content\/uploads\/2025\/10\/IMG_8855-1024x683.jpeg\" alt=\"\" class=\"wp-image-69\" srcset=\"https:\/\/mandre.ch\/wp-content\/uploads\/2025\/10\/IMG_8855-1024x683.jpeg 1024w, https:\/\/mandre.ch\/wp-content\/uploads\/2025\/10\/IMG_8855-300x200.jpeg 300w, https:\/\/mandre.ch\/wp-content\/uploads\/2025\/10\/IMG_8855-768x512.jpeg 768w, https:\/\/mandre.ch\/wp-content\/uploads\/2025\/10\/IMG_8855-1536x1024.jpeg 1536w, https:\/\/mandre.ch\/wp-content\/uploads\/2025\/10\/IMG_8855.jpeg 1800w\" sizes=\"auto, (max-width: 1024px) 100vw, 1024px\" \/><\/figure>\n\n\n\n<figure class=\"wp-block-image size-large\"><img loading=\"lazy\" decoding=\"async\" width=\"428\" height=\"612\" data-id=\"68\" src=\"https:\/\/mandre.ch\/wp-content\/uploads\/2025\/10\/IMG_8856.jpeg\" alt=\"\" class=\"wp-image-68\" srcset=\"https:\/\/mandre.ch\/wp-content\/uploads\/2025\/10\/IMG_8856.jpeg 428w, https:\/\/mandre.ch\/wp-content\/uploads\/2025\/10\/IMG_8856-210x300.jpeg 210w\" sizes=\"auto, (max-width: 428px) 100vw, 428px\" \/><figcaption class=\"wp-element-caption\">Grasse, France &#8211; August 6, 2022: Historic tenement houses and narrow streets decorated with pink umbrellas of old town quarter of perfumery city of Grasse<\/figcaption><\/figure>\n\n\n\n<figure class=\"wp-block-image size-large\"><img loading=\"lazy\" decoding=\"async\" width=\"1024\" height=\"768\" data-id=\"70\" src=\"https:\/\/mandre.ch\/wp-content\/uploads\/2025\/10\/IMG_8790-1024x768.jpeg\" alt=\"\" class=\"wp-image-70\" srcset=\"https:\/\/mandre.ch\/wp-content\/uploads\/2025\/10\/IMG_8790-1024x768.jpeg 1024w, https:\/\/mandre.ch\/wp-content\/uploads\/2025\/10\/IMG_8790-300x225.jpeg 300w, https:\/\/mandre.ch\/wp-content\/uploads\/2025\/10\/IMG_8790-768x576.jpeg 768w, https:\/\/mandre.ch\/wp-content\/uploads\/2025\/10\/IMG_8790-1536x1152.jpeg 1536w, https:\/\/mandre.ch\/wp-content\/uploads\/2025\/10\/IMG_8790-2048x1536.jpeg 2048w\" sizes=\"auto, (max-width: 1024px) 100vw, 1024px\" \/><\/figure>\n<\/figure>\n","protected":false},"excerpt":{"rendered":"<p>Eigentlich sollte es ein Weg zum Flughafen Charles de Gaulle Airport in Paris werden. Da ein Flug von Paris nach Cancun anstand. Aber wie geschrien &#171;Anstand&#187;. Leider klappte es auf Grund eines Computersystemfehlers nicht. Auf dem Ticket stand das Datum 25.Oktober 2025, jedoch gib es diese Verbindung erst ab den 1. November 2025. Mein Schwiegervater [&hellip;]<\/p>\n","protected":false},"author":1,"featured_media":0,"parent":8,"menu_order":0,"comment_status":"closed","ping_status":"closed","template":"","meta":{"footnotes":""},"class_list":["post-53","page","type-page","status-publish","hentry"],"_links":{"self":[{"href":"https:\/\/mandre.ch\/index.php\/wp-json\/wp\/v2\/pages\/53","targetHints":{"allow":["GET"]}}],"collection":[{"href":"https:\/\/mandre.ch\/index.php\/wp-json\/wp\/v2\/pages"}],"about":[{"href":"https:\/\/mandre.ch\/index.php\/wp-json\/wp\/v2\/types\/page"}],"author":[{"embeddable":true,"href":"https:\/\/mandre.ch\/index.php\/wp-json\/wp\/v2\/users\/1"}],"replies":[{"embeddable":true,"href":"https:\/\/mandre.ch\/index.php\/wp-json\/wp\/v2\/comments?post=53"}],"version-history":[{"count":3,"href":"https:\/\/mandre.ch\/index.php\/wp-json\/wp\/v2\/pages\/53\/revisions"}],"predecessor-version":[{"id":71,"href":"https:\/\/mandre.ch\/index.php\/wp-json\/wp\/v2\/pages\/53\/revisions\/71"}],"up":[{"embeddable":true,"href":"https:\/\/mandre.ch\/index.php\/wp-json\/wp\/v2\/pages\/8"}],"wp:attachment":[{"href":"https:\/\/mandre.ch\/index.php\/wp-json\/wp\/v2\/media?parent=53"}],"curies":[{"name":"wp","href":"https:\/\/api.w.org\/{rel}","templated":true}]}}