{"id":74,"date":"2025-12-14T14:04:38","date_gmt":"2025-12-14T14:04:38","guid":{"rendered":"https:\/\/mandre.ch\/?page_id=74"},"modified":"2025-12-14T14:06:56","modified_gmt":"2025-12-14T14:06:56","slug":"links","status":"publish","type":"page","link":"https:\/\/mandre.ch\/index.php\/links\/","title":{"rendered":"Links"},"content":{"rendered":"\n<p>Hier verlinke ich euch gern meine anderen Webseiten oder welche meiner Meinung nach interessant sind.<\/p>\n\n\n\n<p><a href=\"Https:\/\/crosstrainer-on-the-road.com\" target=\"_blank\" rel=\"noreferrer noopener\">Crosstrainer on th\u00e9 Road<\/a> ist meine Seite \u00fcber meine Leidenschaft f\u00fcrs Stand Up Bike von ElliptiGo.<\/p>\n\n\n\n<p><em><a href=\"HTTPS:\/\/swisstrailrunner.ch\" target=\"_blank\" rel=\"noreferrer noopener\">Swisstrailrunner<\/a><\/em> ist meine Seite \u00fcber Running, Hiking oder andere Bergsportarten.<\/p>\n\n\n\n<p><a href=\"HTTPS:\/\/trailrunning.shop\" target=\"_blank\" rel=\"noreferrer noopener\">trailrunning.shop<\/a> ist mein ehemaliger Sportartikel Onlineshop, welchen ich 2026 plane wieder zu er\u00f6ffnen.<\/p>\n\n\n\n<p><a href=\"HTTPS:\/\/grenzpfad-ultra.ch\" target=\"_blank\" rel=\"noreferrer noopener\">Grenzpfad Ultra<\/a> ist eine Veranstaltungsseite von mir, wo ich eine Ultra Laufveranstaltung plane.<\/p>\n","protected":false},"excerpt":{"rendered":"<p>Hier verlinke ich euch gern meine anderen Webseiten oder welche meiner Meinung nach interessant sind. Crosstrainer on th\u00e9 Road ist meine Seite \u00fcber meine Leidenschaft f\u00fcrs Stand Up Bike von ElliptiGo. Swisstrailrunner ist meine Seite \u00fcber Running, Hiking oder andere Bergsportarten. trailrunning.shop ist mein ehemaliger Sportartikel Onlineshop, welchen ich 2026 plane wieder zu er\u00f6ffnen. Grenzpfad [&hellip;]<\/p>\n","protected":false},"author":1,"featured_media":0,"parent":0,"menu_order":0,"comment_status":"closed","ping_status":"closed","template":"","meta":{"footnotes":""},"class_list":["post-74","page","type-page","status-publish","hentry"],"_links":{"self":[{"href":"https:\/\/mandre.ch\/index.php\/wp-json\/wp\/v2\/pages\/74","targetHints":{"allow":["GET"]}}],"collection":[{"href":"https:\/\/mandre.ch\/index.php\/wp-json\/wp\/v2\/pages"}],"about":[{"href":"https:\/\/mandre.ch\/index.php\/wp-json\/wp\/v2\/types\/page"}],"author":[{"embeddable":true,"href":"https:\/\/mandre.ch\/index.php\/wp-json\/wp\/v2\/users\/1"}],"replies":[{"embeddable":true,"href":"https:\/\/mandre.ch\/index.php\/wp-json\/wp\/v2\/comments?post=74"}],"version-history":[{"count":3,"href":"https:\/\/mandre.ch\/index.php\/wp-json\/wp\/v2\/pages\/74\/revisions"}],"predecessor-version":[{"id":77,"href":"https:\/\/mandre.ch\/index.php\/wp-json\/wp\/v2\/pages\/74\/revisions\/77"}],"wp:attachment":[{"href":"https:\/\/mandre.ch\/index.php\/wp-json\/wp\/v2\/media?parent=74"}],"curies":[{"name":"wp","href":"https:\/\/api.w.org\/{rel}","templated":true}]}}